{"id":6,"date":"2011-10-18T08:54:18","date_gmt":"2011-10-18T06:54:18","guid":{"rendered":"http:\/\/ccexp.zeus.umh.es\/presentacion\/directorio\/"},"modified":"2026-02-15T16:08:43","modified_gmt":"2026-02-15T15:08:43","slug":"directorio","status":"publish","type":"page","link":"https:\/\/ccexp.umh.es\/en\/presentacion\/directorio\/","title":{"rendered":"Organization"},"content":{"rendered":"<p><\/p>\n<p style=\"text-align: center\"><a href=\"https:\/\/ccexp.umh.es\/files\/2011\/10\/docs2.jpg\"><img loading=\"lazy\" class=\"aligncenter\" title=\"docs\" src=\"https:\/\/ccexp.umh.es\/files\/2011\/10\/docs2.jpg\" alt=\"\" width=\"530\" height=\"120\"><\/a><img title=\"M\u00e1s...\" src=\"https:\/\/ccexp.umh.es\/wp-includes\/js\/tinymce\/plugins\/wordpress\/img\/trans.gif\" alt=\"\"><img title=\"M\u00e1s...\" src=\"https:\/\/ccexp.umh.es\/wp-includes\/js\/tinymce\/plugins\/wordpress\/img\/trans.gif\" alt=\"\"><img title=\"M\u00e1s...\" src=\"https:\/\/ccexp.umh.es\/wp-includes\/js\/tinymce\/plugins\/wordpress\/img\/trans.gif\" alt=\"\"><img title=\"M\u00e1s...\" src=\"https:\/\/ccexp.umh.es\/wp-includes\/js\/tinymce\/plugins\/wordpress\/img\/trans.gif\" alt=\"\"><\/p>\n<p><strong>FACULTAD DE CIENCIAS EXPERIMENTALES: <\/strong><a href=\"mailto:facultad.ccexp@umh.es\">facultad.experimentales@umh.es<\/a><\/p>\n<p><strong>DECANO DE LA FACULTAD<\/strong><\/p>\n<p><a href=\"http:\/\/www.umh.es\/contenido\/Estudios\/:persona_6785\/datos_es.html\" target=\"_blank\" rel=\"noopener\">Pedro Robles Ramos<\/a>. E-mail:&nbsp;<a href=\"mailto:decano.ccexp@umh.es\">decano.ccexp@umh.es<\/a><\/p>\n<p><strong>VICEDECANA DE GRADO EN CIENCIAS AMBIENTALES<\/strong><\/p>\n<p><a href=\"http:\/\/www.umh.es\/contenido\/PDI\/:persona_22564\/datos_es.html\" target=\"_blank\" rel=\"noopener\">Juana Mar\u00eda Bot\u00eda Aranda<\/a>. E-mail:&nbsp;<a href=\"mailto:jmbotia@umh.es\">jmbotia@umh.es<\/a><\/p>\n<p><strong>VICEDECANO DE GRADO EN BIOTECNOLOGIA<\/strong><\/p>\n<p><a href=\"https:\/\/www.umh.es\/contenido\/Estudios\/:persona_3728\/datos_es.html\" target=\"_blank\" rel=\"noopener\">Luis P\u00e9rez Garc\u00eda-Esta\u00f1<\/a>. E-mail: <a href=\"mailto:luis.perez@umh.es\"><span class=\"limpia\">l<\/span>uis.perez<span class=\"limpia\">@<\/span><span class=\"limpia\">u<\/span>mh.es<\/a><\/p>\n<p><strong>VICEDECANA DEL GRADO EN CIENCIA DE DATOS E INTELIGENCIA ARTIFICIAL<\/strong><\/p>\n<p><a href=\"https:\/\/www.umh.es\/contenido\/Universidad\/:persona_4604\/datos_es.html?\" target=\"_blank\" rel=\"noopener\">Lidia Ortiz Henarejos<\/a>. E-mail: <a href=\"mailto:lidia.ortiz@umh.es\"><span class=\"limpia\">l<\/span>idia.ortiz<span class=\"limpia\">@<\/span><span class=\"limpia\">u<\/span>mh.es<\/a>&nbsp;<\/p>\n<p><strong>VICEDECANO DE ACCESO, MOVILIDAD E INFRAESTRUCTURAS<\/strong><\/p>\n<p><a href=\"http:\/\/www.umh.es\/contenido\/Estudios\/:persona_4230\/datos_es.html\" target=\"_blank\" rel=\"noopener\">Victor Manuel Quesada P\u00e9rez<\/a> E-mail:&nbsp;<a href=\"mailto:vquesada@umh.es\">vquesada@umh.es<\/a><\/p>\n<p><strong>VICEDECANA DE ASUNTOS SOCIALES Y PROYECCI\u00d3N<\/strong><\/p>\n<p><a href=\"http:\/\/www.umh.es\/contenido\/Estudios\/:persona_109503\/datos_es.html\" target=\"_blank\" rel=\"noopener\">Ana Mar\u00eda Gutierrez Vilchez<\/a> E-mail:&nbsp;<a href=\"mailto:anavil@umh.es\">anavil@umh.es<\/a><\/p>\n<p><strong>VICEDECANO DE COMUNICACI\u00d3N Y PROYECCI\u00d3N<\/strong><\/p>\n<p><a href=\"http:\/\/www.jorgemataix.com\" target=\"_blank\" rel=\"noopener\">Jorge Mataix Solera<\/a> E-mail: <a href=\"mailto:jorge.mataix@umh.es\">jorge.mataix@umh.es<\/a><\/p>\n<p><strong>SECRETARIA DE LA FACULTAD<\/strong><\/p>\n<p><a href=\"https:\/\/www.umh.es\/contenido\/Estudios\/:persona_35434\/datos_es.html\" target=\"_blank\" rel=\"noopener\">M\u00aa Bel\u00e9n Almendro Candel<\/a> E-mail:&nbsp;<a href=\"mailto:secretario.ccexp@umh.es\">secretario.ccexp@umh.es<\/a><\/p>\n<p><strong>Personal<\/strong><\/p>\n<p><a href=\"https:\/\/www.umh.es\/contenido\/Universidad\/:persona_4211\/datos_es.html\" target=\"_blank\" rel=\"noopener\">Mar\u00eda Luisa Juan Quilis<\/a>. E-mail: <a href=\"mailto:marisa.juan@umh.es\">marisa.juan@umh.es<\/a><\/p>\n<p>Tel\u00e9fono: 96 665 8691<\/p>","protected":false},"excerpt":{"rendered":"<p>FACULTAD DE CIENCIAS EXPERIMENTALES: facultad.experimentales@umh.es<br \/>\nDECANO DE LA FACULTAD<br \/>\nPedro Robles Ramos. E-mail:&nbsp;decano.ccexp@umh.es<br \/>\nVICEDECANA DE GRADO EN CIENCIAS AMBIENTALES<br \/>\nJuana Mar\u00eda Bot\u00eda Aranda. E-mail:&nbsp;jmbotia@umh.es<br \/>\nVICEDECANO DE GRADO EN BIOTECNOLOGIA<br \/>\nLuis P\u00e9rez Garc\u00eda-Esta\u00f1. E-mail: luis.perez@umh.es<br \/>\nVICEDECANA DEL GRADO EN CIENCIA DE DATOS E INTELIGENCIA ARTIFICIAL<br \/>\nLidia Ortiz Henarejos. E-mail: lidia.ortiz@umh.es&nbsp;<br \/>\nVICEDECANO DE ACCESO, MOVILIDAD E INFRAESTRUCTURAS<br \/>\nVictor Manuel Quesada P\u00e9rez E-mail:&nbsp;vquesada@umh.es<br \/>\nVICEDECANA DE ASUNTOS SOCIALES Y PROYECCI\u00d3N<br \/>\nAna [&#8230;]<\/p>\n","protected":false},"author":329,"featured_media":0,"parent":3,"menu_order":20,"comment_status":"closed","ping_status":"closed","template":"","meta":{"ngg_post_thumbnail":0,"_links_to":"","_links_to_target":""},"_links":{"self":[{"href":"https:\/\/ccexp.umh.es\/en\/wp-json\/wp\/v2\/pages\/6"}],"collection":[{"href":"https:\/\/ccexp.umh.es\/en\/wp-json\/wp\/v2\/pages"}],"about":[{"href":"https:\/\/ccexp.umh.es\/en\/wp-json\/wp\/v2\/types\/page"}],"author":[{"embeddable":true,"href":"https:\/\/ccexp.umh.es\/en\/wp-json\/wp\/v2\/users\/329"}],"replies":[{"embeddable":true,"href":"https:\/\/ccexp.umh.es\/en\/wp-json\/wp\/v2\/comments?post=6"}],"version-history":[{"count":0,"href":"https:\/\/ccexp.umh.es\/en\/wp-json\/wp\/v2\/pages\/6\/revisions"}],"up":[{"embeddable":true,"href":"https:\/\/ccexp.umh.es\/en\/wp-json\/wp\/v2\/pages\/3"}],"wp:attachment":[{"href":"https:\/\/ccexp.umh.es\/en\/wp-json\/wp\/v2\/media?parent=6"}],"curies":[{"name":"wp","href":"https:\/\/api.w.org\/{rel}","templated":true}]}}