{"id":3,"date":"2011-10-18T08:42:54","date_gmt":"2011-10-18T08:42:54","guid":{"rendered":"http:\/\/ccexp.zeus.umh.es\/presentacion\/"},"modified":"2026-02-23T10:23:51","modified_gmt":"2026-02-23T09:23:51","slug":"presentacion","status":"publish","type":"page","link":"https:\/\/ccexp.umh.es\/ca\/presentacion\/","title":{"rendered":"Presentaci\u00f3"},"content":{"rendered":"<p><\/p>\n<div>\n<p><strong><a href=\"https:\/\/ccexp.umh.es\/files\/2011\/10\/contac.jpg\"><img loading=\"lazy\" class=\"aligncenter size-full wp-image-21\" title=\"contac\" src=\"https:\/\/ccexp.umh.es\/files\/2011\/10\/contac.jpg\" alt=\"\" width=\"530\" height=\"120\" srcset=\"https:\/\/ccexp.umh.es\/files\/2011\/10\/contac.jpg 530w, https:\/\/ccexp.umh.es\/files\/2011\/10\/contac-300x67.jpg 300w\" sizes=\"(max-width: 530px) 100vw, 530px\" \/><\/a><\/strong><\/p>\n<p><strong> <\/strong><strong> <\/strong><\/p>\n<p><strong> <\/strong><\/p>\n<div>\n<div>\n<p>La <strong>Facultat de Ci\u00e8ncies Experimentals <\/strong>posseeix una dilatada experi\u00e8ncia en la impartici\u00f3 de la doc\u00e8ncia de titulacions com a Estad\u00edstica, Bioqu\u00edmica i Ci\u00e8ncies Ambientals. Actualment la Facultat ofereix els nous t\u00edtols de Grau en Biotecnologia i en Ci\u00e8ncies Ambientals, aix\u00ed com diversos m\u00e0sters relacionats. Professors pertanyents a una vintena d&#8217;\u00e0rees de coneixement participen en la doc\u00e8ncia dels graus, i desenvolupen la seua investigaci\u00f3 en les principals disciplines de les Ci\u00e8ncies, tals com a Matem\u00e0tica Aplicada, Estad\u00edstica, Investigaci\u00f3 Operativa, Inform\u00e0tica, F\u00edsica, Qu\u00edmica, Bioqu\u00edmica, Gen\u00e8tica, Bot\u00e0nica, Ecologia, Zoologia, Toxicologia, Edafologia, Geologia i altres temes relacionats.<\/p>\n<p>La Facultat ofereix una \u00e0mplia gamma d&#8217;instal\u00b7lacions destinades a la formaci\u00f3 tant acad\u00e8mica com a personal dels alumnes, a la millora de les seues habilitats i a l&#8217;adquisici\u00f3 de l&#8217;experi\u00e8ncia necess\u00e0ria per al desenvolupament posterior de la seua carrera professional en les \u00e0rees de Medi ambient i Biotecnologia. Les nostres grans oportunitats d&#8217;ensenyament i investigaci\u00f3 estan estretament lligades a l&#8217;alta qualitat de la producci\u00f3 cient\u00edfica dels investigadors que formen part de l&#8217;equip docent de la Facultat. Les activitats d&#8217;investigaci\u00f3 cobreixen un ampli espectre que va des de la resoluci\u00f3 de q\u00fcestions cient\u00edfiques b\u00e0siques a la investigaci\u00f3 aplicada, passant per la transfer\u00e8ncia tecnol\u00f2gica.<\/p>\n<\/div>\n<\/div>\n<p><strong> <\/strong><\/p>\n<p><strong> <\/strong><strong> <\/strong><\/p>\n<\/div>\n<p><!--more--><\/p>\n<p><!--more--><!--more--><\/p>\n<p><!--more--><!--more--><!--more--><\/p>\n<\/p>\n<p><\/p>","protected":false},"excerpt":{"rendered":"<p>La Facultat de Ci\u00e8ncies Experimentals posseeix una dilatada experi\u00e8ncia en la impartici\u00f3 de la doc\u00e8ncia de titulacions com a Estad\u00edstica, Bioqu\u00edmica i Ci\u00e8ncies Ambientals. Actualment la Facultat ofereix els nous t\u00edtols de Grau en Biotecnologia i en Ci\u00e8ncies Ambientals, aix\u00ed com diversos m\u00e0sters relacionats. Professors pertanyents a una vintena d&#8217;\u00e0rees de coneixement [&#8230;]<\/p>\n","protected":false},"author":1,"featured_media":0,"parent":0,"menu_order":0,"comment_status":"closed","ping_status":"open","template":"","meta":{"ngg_post_thumbnail":0,"_links_to":"","_links_to_target":""},"_links":{"self":[{"href":"https:\/\/ccexp.umh.es\/ca\/wp-json\/wp\/v2\/pages\/3"}],"collection":[{"href":"https:\/\/ccexp.umh.es\/ca\/wp-json\/wp\/v2\/pages"}],"about":[{"href":"https:\/\/ccexp.umh.es\/ca\/wp-json\/wp\/v2\/types\/page"}],"author":[{"embeddable":true,"href":"https:\/\/ccexp.umh.es\/ca\/wp-json\/wp\/v2\/users\/1"}],"replies":[{"embeddable":true,"href":"https:\/\/ccexp.umh.es\/ca\/wp-json\/wp\/v2\/comments?post=3"}],"version-history":[{"count":0,"href":"https:\/\/ccexp.umh.es\/ca\/wp-json\/wp\/v2\/pages\/3\/revisions"}],"wp:attachment":[{"href":"https:\/\/ccexp.umh.es\/ca\/wp-json\/wp\/v2\/media?parent=3"}],"curies":[{"name":"wp","href":"https:\/\/api.w.org\/{rel}","templated":true}]}}