{"id":26,"date":"2011-10-23T06:04:49","date_gmt":"2011-10-23T06:04:49","guid":{"rendered":"http:\/\/ccexp.zeus.umh.es\/documentos\/"},"modified":"2025-12-19T13:50:13","modified_gmt":"2025-12-19T12:50:13","slug":"documentos","status":"publish","type":"page","link":"https:\/\/ccexp.umh.es\/ca\/documentos\/","title":{"rendered":"Documents"},"content":{"rendered":"<p><\/p>\n<p><p style=\"text-align: center\"><strong><img loading=\"lazy\" class=\"aligncenter\" title=\"docs\" src=\"https:\/\/ccexp.umh.es\/files\/2011\/10\/docs2.jpg\" alt=\"\" width=\"530\" height=\"120\" \/><\/strong><\/p>\n<p><strong>Certificado de justificaci\u00f3n de asistencia a ex\u00e1men<\/strong><\/p>\n<p>Descarga el documento adjunto y env\u00edalo por e-mail, con todos los datos rellenos, a la direcci\u00f3n marisa.juan@umh.es. Dicho certificado se entregar\u00e1 al alumno al finalizar el examen.<\/p>\n<p><a href=\"https:\/\/ccexp.umh.es\/files\/2011\/10\/justificante-examen1.pdf\">justificante examen<\/a><\/p>\n<p><strong>Reglamento de Elecciones de Estudiantes<\/strong><\/p>\n<p>En el siguiente enlace puedes descargar el documento con el reglamento de elecciones de estudiantes de la UMH<\/p>\n<p><a href=\"https:\/\/ccexp.umh.es\/files\/2011\/11\/Reglamento-elecciones-estudiantes.pdf\">Reglamento elecciones estudiantes<\/a><\/p>\n<p><!--more--><!--more--><!--more--><\/p>\n<div>\n<p><strong> <\/strong><\/p>\n<p><strong> <\/strong><strong> <\/strong><\/p>\n<\/div>\n<p><!--more--><!--more--><!--more--><!--more--><\/p>\n<\/p>\n<p><\/p>","protected":false},"excerpt":{"rendered":"<p>Certificado de justificaci\u00f3n de asistencia a ex\u00e1men<br \/>\nDescarga el documento adjunto y env\u00edalo por e-mail, con todos los datos rellenos, a la direcci\u00f3n marisa.juan@umh.es. Dicho certificado se entregar\u00e1 al alumno al finalizar el examen.<br \/>\njustificante examen<br \/>\nReglamento de Elecciones de Estudiantes<br \/>\nEn el siguiente enlace puedes descargar el documento con el reglamento de elecciones de estudiantes de la UMH<br \/>\nReglamento [&#8230;]<\/p>\n","protected":false},"author":329,"featured_media":0,"parent":0,"menu_order":50,"comment_status":"closed","ping_status":"open","template":"","meta":{"ngg_post_thumbnail":0,"_links_to":"","_links_to_target":""},"_links":{"self":[{"href":"https:\/\/ccexp.umh.es\/ca\/wp-json\/wp\/v2\/pages\/26"}],"collection":[{"href":"https:\/\/ccexp.umh.es\/ca\/wp-json\/wp\/v2\/pages"}],"about":[{"href":"https:\/\/ccexp.umh.es\/ca\/wp-json\/wp\/v2\/types\/page"}],"author":[{"embeddable":true,"href":"https:\/\/ccexp.umh.es\/ca\/wp-json\/wp\/v2\/users\/329"}],"replies":[{"embeddable":true,"href":"https:\/\/ccexp.umh.es\/ca\/wp-json\/wp\/v2\/comments?post=26"}],"version-history":[{"count":0,"href":"https:\/\/ccexp.umh.es\/ca\/wp-json\/wp\/v2\/pages\/26\/revisions"}],"wp:attachment":[{"href":"https:\/\/ccexp.umh.es\/ca\/wp-json\/wp\/v2\/media?parent=26"}],"curies":[{"name":"wp","href":"https:\/\/api.w.org\/{rel}","templated":true}]}}